{"id":40,"date":"2015-11-15T07:57:00","date_gmt":"2015-11-15T07:57:00","guid":{"rendered":"http:\/\/demo.wenthemes.com\/education-hub\/?page_id=40"},"modified":"2020-05-21T17:29:16","modified_gmt":"2020-05-21T17:29:16","slug":"secundaria","status":"publish","type":"page","link":"https:\/\/dsavio.edu.pe\/index.php\/secundaria\/","title":{"rendered":"Secundaria"},"content":{"rendered":"<body><p><\/p>\n<p class=\"p1\">En este nivel los estudiantes consolidan los aprendizajes adquiridos con una metodolog\u00eda que fomenta su capacidad anal\u00edtica, cr\u00edtica, reflexiva y valorativa en las \u00e1reas de ciencias y letras.<\/p>\n<p><img data-recalc-dims=\"1\" decoding=\"async\" class=\"aligncenter wp-image-184 size-full\" src=\"https:\/\/i0.wp.com\/savio.edu.pe\/wp-content\/uploads\/2020\/05\/DSC_0564-scaled.jpg?resize=847%2C565\" alt=\"\" width=\"847\" height=\"565\" loading=\"lazy\" srcset=\"https:\/\/i0.wp.com\/dsavio.edu.pe\/wp-content\/uploads\/2020\/05\/DSC_0564-scaled.jpg?w=2560&amp;ssl=1 2560w, https:\/\/i0.wp.com\/dsavio.edu.pe\/wp-content\/uploads\/2020\/05\/DSC_0564-scaled.jpg?resize=300%2C200&amp;ssl=1 300w, https:\/\/i0.wp.com\/dsavio.edu.pe\/wp-content\/uploads\/2020\/05\/DSC_0564-scaled.jpg?resize=1024%2C683&amp;ssl=1 1024w, https:\/\/i0.wp.com\/dsavio.edu.pe\/wp-content\/uploads\/2020\/05\/DSC_0564-scaled.jpg?resize=768%2C512&amp;ssl=1 768w, https:\/\/i0.wp.com\/dsavio.edu.pe\/wp-content\/uploads\/2020\/05\/DSC_0564-scaled.jpg?resize=1536%2C1025&amp;ssl=1 1536w, https:\/\/i0.wp.com\/dsavio.edu.pe\/wp-content\/uploads\/2020\/05\/DSC_0564-scaled.jpg?resize=2048%2C1367&amp;ssl=1 2048w, https:\/\/i0.wp.com\/dsavio.edu.pe\/wp-content\/uploads\/2020\/05\/DSC_0564-scaled.jpg?resize=360%2C240&amp;ssl=1 360w, https:\/\/i0.wp.com\/dsavio.edu.pe\/wp-content\/uploads\/2020\/05\/DSC_0564-scaled.jpg?w=1694&amp;ssl=1 1694w\" sizes=\"(max-width: 847px) 100vw, 847px\" \/><\/p>\n<p class=\"p1\">Por ello, Formamos j\u00f3venes basado en valores, futuros ciudadanos de bien para una sociedad justa, preparados para la vida, con una cultura de paz, con igualdad de g\u00e9nero sin discriminaci\u00f3n, con autonom\u00eda, seres competentes, encaminados hacia un nivel educativo superior y\/o universitario.<\/p>\n<p><\/p>\n<\/body>","protected":false},"excerpt":{"rendered":"<p>En este nivel los estudiantes consolidan los aprendizajes adquiridos con una metodolog\u00eda que fomenta su capacidad anal\u00edtica, cr\u00edtica, reflexiva y valorativa en las \u00e1reas de ciencias y letras. Por ello, Formamos j\u00f3venes basado en valores, futuros ciudadanos de bien para <a href=\"https:\/\/dsavio.edu.pe\/index.php\/secundaria\/\" class=\"read-more\">Read More &#8230;<\/a><\/p>\n","protected":false},"author":1,"featured_media":178,"parent":0,"menu_order":0,"comment_status":"closed","ping_status":"closed","template":"","meta":{"om_disable_all_campaigns":false,"_monsterinsights_skip_tracking":false,"_monsterinsights_sitenote_active":false,"_monsterinsights_sitenote_note":"","_monsterinsights_sitenote_category":0,"footnotes":""},"class_list":["post-40","page","type-page","status-publish","has-post-thumbnail","hentry"],"jetpack_sharing_enabled":true,"_links":{"self":[{"href":"https:\/\/dsavio.edu.pe\/index.php\/wp-json\/wp\/v2\/pages\/40"}],"collection":[{"href":"https:\/\/dsavio.edu.pe\/index.php\/wp-json\/wp\/v2\/pages"}],"about":[{"href":"https:\/\/dsavio.edu.pe\/index.php\/wp-json\/wp\/v2\/types\/page"}],"author":[{"embeddable":true,"href":"https:\/\/dsavio.edu.pe\/index.php\/wp-json\/wp\/v2\/users\/1"}],"replies":[{"embeddable":true,"href":"https:\/\/dsavio.edu.pe\/index.php\/wp-json\/wp\/v2\/comments?post=40"}],"version-history":[{"count":4,"href":"https:\/\/dsavio.edu.pe\/index.php\/wp-json\/wp\/v2\/pages\/40\/revisions"}],"predecessor-version":[{"id":209,"href":"https:\/\/dsavio.edu.pe\/index.php\/wp-json\/wp\/v2\/pages\/40\/revisions\/209"}],"wp:featuredmedia":[{"embeddable":true,"href":"https:\/\/dsavio.edu.pe\/index.php\/wp-json\/wp\/v2\/media\/178"}],"wp:attachment":[{"href":"https:\/\/dsavio.edu.pe\/index.php\/wp-json\/wp\/v2\/media?parent=40"}],"curies":[{"name":"wp","href":"https:\/\/api.w.org\/{rel}","templated":true}]}}